{"id":13956,"date":"2024-04-17T11:36:57","date_gmt":"2024-04-17T11:36:57","guid":{"rendered":"https:\/\/earendelhealing.pl\/?post_type=product&#038;p=13956"},"modified":"2024-04-30T08:11:29","modified_gmt":"2024-04-30T08:11:29","slug":"utracony-blizniak-warsztat","status":"publish","type":"product","link":"https:\/\/earendelhealing.pl\/ru\/product\/utracony-blizniak-warsztat\/","title":{"rendered":"Utracony Bli\u017aniak &#8211; warsztat"},"content":{"rendered":"<p>SPRAWD\u0179, CZY NAST\u0118PUJ\u0104CE TEMATY S\u0104 CI BLISKIE? IM WI\u0118CEJ ODPOWIEDZI TAK, TYM BARDZIEJ JEST TO TEMAT DO PRACY, KT\u00d3RY POWINNA\u015a\/POWINIENE\u015a ZG\u0141\u0118BI\u0106:<\/p>\n<p>&nbsp;<\/p>\n<ul>\n<li>Czy towarzyszy Ci uczucie osamotnienia i pustki, kt\u00f3rych nie da si\u0119 niczym wype\u0142ni\u0107?<\/li>\n<li>Czy masz poczucie bycia niewystarczaj\u0105cym?<\/li>\n<li>Czy czujesz niemo\u017cno\u015b\u0107 uzyskania szcz\u0119\u015bcia w \u017cyciu nie zwa\u017caj\u0105c na czynniki zewn\u0119trzne?<\/li>\n<li>Czy miewasz stany depresyjne b\u0105d\u017a depresj\u0119?<\/li>\n<li>Czy miewasz pragnienie \u015bmierci?<\/li>\n<li>Czy masz poczucie bycia nadmiernie wykorzystywanym przez ludzi?<\/li>\n<li>Czy w relacjach z drugim cz\u0142owiekiem dajesz znacz\u0105co wi\u0119cej ni\u017c dostajesz?<\/li>\n<li>Czy przek\u0142adasz sprawy innych nad w\u0142asne?<\/li>\n<li>Czy masz trudno\u015bci w podejmowaniu decyzji?<\/li>\n<li>Czy nadmiarowo gromadzisz rzeczy?<\/li>\n<li>Czy masz poczucie bycia zale\u017cnym od innych ludzi?<\/li>\n<li>Czy pr\u00f3bujesz i\u015b\u0107 dwoma \u015bcie\u017ckami naraz, na co Twoje cia\u0142o mo\u017ce odpowiada\u0107 chorob\u0105?<\/li>\n<li>Czy mierzysz si\u0119 z tematem perfekcjonizmu?<\/li>\n<li>Czy czujesz wieczny niedosyt w \u017cyciu?<\/li>\n<li>Czy masz ogromne poczucie winy, generalizowane na wszystkie obszary \u017cycia?<\/li>\n<\/ul>\n<p>Ci\u0105\u017c\u0119 bli\u017aniacze zdarzaj\u0105 si\u0119 o wiele cz\u0119\u015bciej ni\u017c nam si\u0119 wydaje. Nawet fakt, \u017ce planowe badania usg s\u0105 wyznaczone na konkretny termin wp\u0142ywaj\u0105 na to, \u017ce cz\u0119sto ju\u017c ten dramat w \u0142onie matki si\u0119 odby\u0142. Tak\u017ce na poziomie energetycznym uznajemy posiadanie bli\u017aniaka w momencie, kiedy by\u0142a utracona ci\u0105\u017ca lub usuni\u0119ta do roku przed naszym pocz\u0119ciem. Tutaj te\u017c pojawia si\u0119 zjawisko, w kt\u00f3rym kolejne dziecko ma zape\u0142ni\u0107 puste miejsce w klanie po utracie do\u015bwiadczonej przez rodzic\u00f3w. Jednak to powoduje pustk\u0119 w \u017cyciu ma\u0142ego cz\u0142owieka, kt\u00f3ry jeszcze nie wiem kim jest, a ju\u017c jest wk\u0142adany w ramki oczekiwa\u0144.<\/p>\n<p>&nbsp;<\/p>\n<p>W JAKI SPOS\u00d3B B\u0118DZIE WYGL\u0104DA\u0141 WARSZTAT?<\/p>\n<p>Spotkamy si\u0119 wsp\u00f3lnie w krakowskiej przestrzeni stacjonarnie i przez dwa dni b\u0119dziemy zg\u0142\u0119bia\u0107 temat utraconego bli\u017aniaka. B\u0119dziesz mie\u0107 okazj\u0119, by spotka\u0107 si\u0119 ze sob\u0105 na bardzo g\u0142\u0119bokim poziomie. Pomo\u017ce Ci w tym Healing Yoga Nidra po\u0142\u0105czona z d\u017awi\u0119koterapi\u0105 oraz aromaterapi\u0105. B\u0119dzie te\u017c cz\u0119\u015b\u0107 po\u015bwi\u0119cona praktyce asan, pranajamie i mudrom. Wszystkie techniki s\u0105 skierowane na u\u0142atwienie Ci w dotarciu do Twojej prawdy.<br \/>\nZapami\u0119taj i zapisz swoje sny, w trakcie tego dwudniowego warsztatu, w niedziel\u0119 pierwsz\u0105 cz\u0119\u015b\u0107 spotkania po\u015bwi\u0119cimy na podzielenie si\u0119 swoimi do\u015bwiadczeniami we wsp\u00f3lnej przestrzeni.<br \/>\nPole energoinformacyjne zadba o to, by zebra\u0142y si\u0119 w jednym miejscu te osoby, kt\u00f3re maj\u0105 wsp\u00f3lne tematy i wsp\u00f3lne historie. Wypowiadaj\u0105c si\u0119 i s\u0142uchaj\u0105c innych uczestnik\u00f3w, b\u0119dziesz mog\u0142a\/m\u00f3g\u0142 tak\u017ce odnale\u017a\u0107 w tym cz\u0105stk\u0119 siebie.<br \/>\nCo zrobi\u0107 je\u017celi nie masz informacji od swojej rodziny o utraconym bli\u017aniaku, a czujesz \u017ce temat Ci\u0119 dotyczy? Ta informacja jest zawsze w Tobie. Samo poczucie, \u017ce temat jest Ci bliski ju\u017c Ci\u0119 informuj\u0119, \u017ce jest on Tw\u00f3j. Natomiast mog\u0119 te\u017c sprawdzi\u0107 to dla Ciebie w Twoim polu, tak\u017ce wykonuj\u0105c testy kinezjologiczne.<\/p>\n<p>&nbsp;<\/p>\n<p>WARSZTAT JEST \u017bYWY I POROSTU SI\u0118 WYDARZA, OZNACZA TO \u017bE PRACUJEMY Z TYM Z CZYM PRZYCHODZ\u0104 UCZESTNICY.<\/p>\n<p>Prosz\u0119 potraktuj siebie z \u0142agodno\u015bci\u0105 i otwartym sercem. We\u017a pod uwag\u0119, \u017ce rana po utraconym bli\u017aniaku to jest najwi\u0119kszy b\u00f3l jaki istota mo\u017ce odczuwa\u0107. Oznacza to, \u017ce spontaniczne uzdrowienia s\u0105 mo\u017cliwe, jednak cz\u0119\u015bciej b\u0119dziesz czu\u0142, \u017ce uzdrawiasz jaki\u015b obszar. Ka\u017cda z tych mo\u017cliwo\u015bci jest dobra i wydarza si\u0119 w najlepszym mo\u017cliwym dla Ciebie czasie. Pozw\u00f3l sobie na odpuszczenie i uwolnienie tego co jest najlepsze dla Twojego najwy\u017cszego dobra i wszystkich istot czuj\u0105cych w danym momencie.<br \/>\nMasz prawo aby \u017cy\u0107 i cieszy\u0107 si\u0119 tym ka\u017cdego dnia.<\/p>","protected":false},"excerpt":{"rendered":"<div class=\"elementor-element elementor-element-de2c0a1 elementor-widget elementor-widget-ashtanga_core_section_title\" data-id=\"de2c0a1\" data-element_type=\"widget\" data-widget_type=\"ashtanga_core_section_title.default\">\n<div class=\"elementor-widget-container\">\n<div class=\"qodef-shortcode qodef-m qodef-section-title qodef-alignment--left\">\n<h4 class=\"qodef-m-title\">ZAPRASZAM CI\u0118 NA WARSZTAT PO\u015aWI\u0118CONY TEMATOWI UTRACONEGO BLI\u0179NIAKA<\/h4>\n<\/div>\n<\/div>\n<\/div>\n<div class=\"elementor-element elementor-element-2d53166 elementor-widget elementor-widget-ashtanga_core_section_title\" data-id=\"2d53166\" data-element_type=\"widget\" data-widget_type=\"ashtanga_core_section_title.default\">\n<div class=\"elementor-widget-container\">\n<div class=\"qodef-shortcode qodef-m qodef-section-title qodef-alignment--left\">\n<p class=\"qodef-m-text\">By\u0107 mo\u017ce mierzysz si\u0119 z szeregiem dolegliwo\u015bci i trudnymi prze\u017cyciami oraz emocjami, kt\u00f3re pomimo braku \u015bwiadomych i logicznych argument\u00f3w nie jeste\u015b w stanie uwolni\u0107 w danym momencie swojego \u017cycia. Je\u017celi miewasz niczym niewyt\u0142umaczalne poczucie osamotnienia i t\u0119sknoty za kim\u015b to mo\u017ce by\u0107 Tw\u00f3j temat do pracy ze sob\u0105.<\/p>\n<\/div>\n<\/div>\n<\/div>\n<div class=\"elementor-element elementor-element-1588ebc elementor-widget elementor-widget-ashtanga_core_section_title\" data-id=\"1588ebc\" data-element_type=\"widget\" data-widget_type=\"ashtanga_core_section_title.default\">\n<div class=\"elementor-widget-container\">\n<div class=\"qodef-shortcode qodef-m qodef-section-title qodef-alignment--left\">\n<p class=\"qodef-m-text\">Uwolnienie siebie od tej t\u0119sknoty i ci\u0119\u017caru przyniesie wi\u0119cej spokoju i lekko\u015bci.<\/p>\n<\/div>\n<\/div>\n<\/div>","protected":false},"featured_media":13957,"comment_status":"open","ping_status":"closed","template":"","meta":[],"product_cat":[74],"product_tag":[],"class_list":{"0":"post-13956","1":"product","2":"type-product","3":"status-publish","4":"has-post-thumbnail","6":"product_cat-warsztaty-grupowe","8":"first","9":"instock","10":"shipping-taxable","11":"purchasable","12":"product-type-simple"},"_links":{"self":[{"href":"https:\/\/earendelhealing.pl\/ru\/wp-json\/wp\/v2\/product\/13956","targetHints":{"allow":["GET"]}}],"collection":[{"href":"https:\/\/earendelhealing.pl\/ru\/wp-json\/wp\/v2\/product"}],"about":[{"href":"https:\/\/earendelhealing.pl\/ru\/wp-json\/wp\/v2\/types\/product"}],"replies":[{"embeddable":true,"href":"https:\/\/earendelhealing.pl\/ru\/wp-json\/wp\/v2\/comments?post=13956"}],"wp:featuredmedia":[{"embeddable":true,"href":"https:\/\/earendelhealing.pl\/ru\/wp-json\/wp\/v2\/media\/13957"}],"wp:attachment":[{"href":"https:\/\/earendelhealing.pl\/ru\/wp-json\/wp\/v2\/media?parent=13956"}],"wp:term":[{"taxonomy":"product_cat","embeddable":true,"href":"https:\/\/earendelhealing.pl\/ru\/wp-json\/wp\/v2\/product_cat?post=13956"},{"taxonomy":"product_tag","embeddable":true,"href":"https:\/\/earendelhealing.pl\/ru\/wp-json\/wp\/v2\/product_tag?post=13956"}],"curies":[{"name":"wp","href":"https:\/\/api.w.org\/{rel}","templated":true}]}}