{"id":13413,"date":"2024-04-17T09:28:22","date_gmt":"2024-04-17T09:28:22","guid":{"rendered":"https:\/\/earendelhealing.pl\/?post_type=product&#038;p=13413"},"modified":"2024-04-30T07:35:44","modified_gmt":"2024-04-30T07:35:44","slug":"sesje-indywidualne-6-spotkan","status":"publish","type":"product","link":"https:\/\/earendelhealing.pl\/ru\/product\/sesje-indywidualne-6-spotkan\/","title":{"rendered":"Sesje Indywidualne \/ 6 spotka\u0144"},"content":{"rendered":"<p>DLA KOGO WI\u0118C SPRAWDZI SI\u0118 TAKA SESJA?<\/p>\n<ul>\n<li>Dla os\u00f3b, kt\u00f3re s\u0105 gotowe na zmian\u0119 i wiedz\u0105, \u017ce czasem jest potrzebna chwila niewygody, by p\u00f3\u017aniej nast\u0105pi\u0142a odczuwalna ulga.<\/li>\n<li>Dla os\u00f3b, kt\u00f3re od jakiego\u015b czasu utkn\u0119\u0142y w jakim\u015b miejscu pracy nad swoim problemem czy to psychicznym czy zdrowotnym i potrzebuj\u0105 nowego i \u015bwie\u017cego spojrzenia.<\/li>\n<li>Dla os\u00f3b, kt\u00f3re chc\u0105 poprawi\u0107 jako\u015b\u0107 swojego \u017cycia, poprzez uzdrowienie aspekt\u00f3w wp\u0142ywaj\u0105cych na dyskomfort w \u017cyciu.<\/li>\n<li>Dla os\u00f3b, kt\u00f3re czuj\u0105, \u017ce maj\u0105 temat do pracy, w kt\u00f3ry chcieliby si\u0119 zag\u0142\u0119bi\u0107.<\/li>\n<li>Dla os\u00f3b, kt\u00f3re zauwa\u017cy\u0142y powtarzaj\u0105ce si\u0119 schematy oraz kody zachowa\u0144 w nich samych jak i wok\u00f3\u0142 nich i chcia\u0142yby z tego wyj\u015b\u0107, by odzyska\u0107 sprawczo\u015b\u0107.<\/li>\n<li>Dla os\u00f3b, kt\u00f3re chc\u0105 spotka\u0107 si\u0119 ze sob\u0105 w zupe\u0142nie innym wymiarze i pozna\u0107 odpowiedzi na nurtuj\u0105ce ich pytania, kt\u00f3re doprowadza do uzdrowienia i przywr\u00f3cenia idealnego zdrowego wzorca.<\/li>\n<\/ul>\n<p>&nbsp;<\/p>\n<p>Z JAKICH METOD KORZYSTAM?<\/p>\n<ul>\n<li>Rozpoznawanie i uwalnianie zablokowanych emocji, w tym muru serca,<\/li>\n<li>czytanie karmy rodowej oraz inkarnacyjnej,<\/li>\n<li>czytania pochodz\u0105ce od Duchowych Przewodnik\u00f3w i Stra\u017cnik\u00f3w,<\/li>\n<li>dekodowanie oraz uzdrawianie w pod\u015bwiadomo\u015bci pami\u0119ci wydarze\u0144 trudnych, traumatycznych, zar\u00f3wno osobiste klienta jak i pami\u0119ci rodowe,<\/li>\n<li>dekodowanie informacji zawartych w objawach chor\u00f3b oraz przywracanie idealnego zdrowego wzorca,<\/li>\n<li>transformacja poprzednich wzorc\u00f3w na idealnie zdrowe dla Ciebie,<\/li>\n<li>dla pe\u0142niejszej weryfikacji tematu klienta korzystam z takich \u017ar\u00f3de\u0142 jak: czytanie pole energoinformacyjnego (w niekt\u00f3rych kr\u0119gach nazywane Akash\u0105), odczytywanie kosmogramu, radiestezja, karty dywinacyjne.<\/li>\n<\/ul>\n<p>&nbsp;<\/p>\n<p>TEMATY NAD KT\u00d3RYMI MO\u017bEMY PRACOWA\u0106 NA TAKIEJ SESJI S\u0104 PRAKTYCZNIE NIEOGRANICZONE, TYLKO OD CIEBIE ZALE\u017bY Z CZYM CHCESZ PRZYJ\u015a\u0106.<br \/>\nPrzyk\u0142adowe tematy nad kt\u00f3rymi mo\u017cesz pracowa\u0107:<\/p>\n<ul>\n<li>fobie i l\u0119ki np. przed p\u0142ywaniem, lataniem,<\/li>\n<li>powtarzaj\u0105ce si\u0119 sytuacje w pracy np. Z\u0142a atmosfera, nies\u0142uszne oskar\u017canie,<\/li>\n<li>nawracaj\u0105ce choroby w tym bez jawnej przyczyny np. Nawracaj\u0105ce zapalenie p\u0119cherza, alergie, b\u00f3le g\u0142owy, b\u00f3le zatok itd.,<\/li>\n<li>ch\u0119\u0107 zmiany swojego podej\u015bcia do znacz\u0105cych dla Ciebie kwestii np. Obawiasz si\u0119 zmiany pracy, chcesz zmieni\u0107 swoje relacje z domownikami itd.,<\/li>\n<li>masz nawracaj\u0105ce i uporczywe my\u015bli tzw. Ruminacje np, mo\u017ce to by\u0107 l\u0119k, \u017ce zostaniesz porzucony lub zdradzony przez partnera, obawa \u017ce ludzie chc\u0105 Ci\u0119 wykorzysta\u0107, l\u0119k \u017ce kto\u015b si\u0119 w\u0142amie do Twojej przestrzeni. Ale tak\u017ce niczym niewyt\u0142umaczaln\u0105 fascynacja jakim\u015b tematem czy obiektem, nad kt\u00f3r\u0105 chcia\u0142by\u015b popracowa\u0107 np. Konkretny wycinek historii, lub jaka\u015b posta\u0107 informacji o kt\u00f3rych poszukujesz nagminnie, a chcia\u0142by\u015b przesta\u0107,<\/li>\n<li>jakie\u015b momenty w Twoim \u017cyciu, na kt\u00f3re reagujesz zbyt emocjonalnie lub gwa\u0142townie np. Zawsze p\u0142aczesz przy konkretnej piosence, czujesz jak zamiera Ci serce gdy kto\u015b g\u0142o\u015bno chodzi po korytarzu.<\/li>\n<\/ul>\n<p>&nbsp;<\/p>\n<p>NASZA WSP\u00d3\u0141PRACA OPIERA SI\u0118 NA ZAUFANIU DO PROCESU, KT\u00d3REGO INTENCJ\u0104 JEST TW\u00d3J POWR\u00d3T DO ZDROWIA. DLATEGO TECHNIKI JAKIE U\u017bYWAM W TRAKCIE SESJI INDYWIDUALNEJ OBRACAJ\u0104 SI\u0118 ZAWSZE WOK\u00d3\u0141 TEMATU TWOJEGO UZDROWIENIA.<\/p>\n<p>Nie mog\u0119 Ci zagwarantowa\u0107 w jaki dok\u0142adny spos\u00f3b b\u0119dziemy pracowa\u0107 nad podanym przez Ciebie tematem. Jednak wiedz, \u017ce kieruje mn\u0105 zawsze intencja Twojego najwy\u017cszego dobra, dlatego mo\u017cesz by\u0107 pewien\/pewna, \u017ce odczujesz znacz\u0105c\u0105 zmian\u0119 po takiej sesji.<\/p>\n<p><strong>***W przypadku pracy stacjonarnej\u00a0 do kwoty za sesje koszt wynajmu lokalu jest doliczany dodatkowo.<\/strong><\/p>","protected":false},"excerpt":{"rendered":"<h4 class=\"qodef-m-title\">OFERUJ\u0118 CI MO\u017bLIWO\u015a\u0106 PRACY INDYWIDUALNEJ<\/h4>\n<p><span style=\"font-weight: 400;\">Daj sobie przestrze\u0144 na to, by dotrze\u0107 do \u017ar\u00f3d\u0142a &#8211; miejsca w kt\u00f3rym si\u0119 wszystko zacz\u0119\u0142o. Podaruj sobie wyj\u0105tkowy czas oraz moje wsparcie w drodze do uzdrowienia duszy i cia\u0142a. Pozw\u00f3l, \u017ce z tego miejsca zabior\u0119 Ci\u0119 w dalek\u0105 podr\u00f3\u017c wg\u0142\u0105b siebie.<\/span><\/p>\n<p class=\"qodef-m-text\">Pracuj\u0119 w metodzie Alchemii Bioenergetycznej co dla Ciebie jako klienta oznacza, \u017ce mo\u017cemy dokonywa\u0107 szybkich, trwa\u0142ych i skutecznych zmian w tematach, z kt\u00f3rymi chcesz pracowa\u0107. Wiele metod zak\u0142ada d\u0142ugi i powolny proces uzdrawiania jak chocia\u017cby klasyczna psychoterapia. Ja jestem w stanie pom\u00f3c Ci dokona\u0107 prze\u0142omu lub kroku na prz\u00f3d w momencie, kiedy czujesz \u017ce utkn\u0105\u0142e\u015b. Tak\u017ce wiem z do\u015bwiadczenia, \u017ce niekt\u00f3re tematy nie mog\u0105 czeka\u0107 na tradycyjne metody lub porostu mo\u017cna by\u0107 zbyt zm\u0119czonym, by rozgrzebywa\u0107 co\u015b latami.<\/p>\n<p>&nbsp;<\/p>\n<p><strong>Czas trwania: 6 spotka\u0144 po maksymnalnie 2 h<\/strong><\/p>\n<p><strong>Kolejna rozpocz\u0119ta godzina &#8211; 200 PLN.<\/strong><\/p>","protected":false},"featured_media":15117,"comment_status":"open","ping_status":"closed","template":"","meta":[],"product_cat":[73],"product_tag":[],"class_list":{"0":"post-13413","1":"product","2":"type-product","3":"status-publish","4":"has-post-thumbnail","6":"product_cat-sesje-indywidualne","8":"first","9":"instock","10":"shipping-taxable","11":"purchasable","12":"product-type-variable"},"_links":{"self":[{"href":"https:\/\/earendelhealing.pl\/ru\/wp-json\/wp\/v2\/product\/13413","targetHints":{"allow":["GET"]}}],"collection":[{"href":"https:\/\/earendelhealing.pl\/ru\/wp-json\/wp\/v2\/product"}],"about":[{"href":"https:\/\/earendelhealing.pl\/ru\/wp-json\/wp\/v2\/types\/product"}],"replies":[{"embeddable":true,"href":"https:\/\/earendelhealing.pl\/ru\/wp-json\/wp\/v2\/comments?post=13413"}],"wp:featuredmedia":[{"embeddable":true,"href":"https:\/\/earendelhealing.pl\/ru\/wp-json\/wp\/v2\/media\/15117"}],"wp:attachment":[{"href":"https:\/\/earendelhealing.pl\/ru\/wp-json\/wp\/v2\/media?parent=13413"}],"wp:term":[{"taxonomy":"product_cat","embeddable":true,"href":"https:\/\/earendelhealing.pl\/ru\/wp-json\/wp\/v2\/product_cat?post=13413"},{"taxonomy":"product_tag","embeddable":true,"href":"https:\/\/earendelhealing.pl\/ru\/wp-json\/wp\/v2\/product_tag?post=13413"}],"curies":[{"name":"wp","href":"https:\/\/api.w.org\/{rel}","templated":true}]}}