{"id":14584,"date":"2024-04-22T18:19:00","date_gmt":"2024-04-22T18:19:00","guid":{"rendered":"https:\/\/earendelhealing.pl\/?page_id=14584"},"modified":"2024-04-24T12:42:36","modified_gmt":"2024-04-24T12:42:36","slug":"regulamin-i-warunki-wspolpracy","status":"publish","type":"page","link":"https:\/\/earendelhealing.pl\/pl\/regulamin-i-warunki-wspolpracy\/","title":{"rendered":"Regulamin i Warunki wsp\u00f3\u0142pracy"},"content":{"rendered":"\t\t<div data-elementor-type=\"wp-page\" data-elementor-id=\"14584\" class=\"elementor elementor-14584\">\n\t\t\t\t<div class=\"elementor-element elementor-element-389898f6 e-flex e-con-boxed e-con e-parent\" data-id=\"389898f6\" data-element_type=\"container\" data-settings=\"{&quot;content_width&quot;:&quot;boxed&quot;}\" data-core-v316-plus=\"true\">\n\t\t\t\t\t<div class=\"e-con-inner\">\n\t\t\t\t<div class=\"elementor-element elementor-element-42be83c2 elementor-widget elementor-widget-text-editor\" data-id=\"42be83c2\" data-element_type=\"widget\" data-widget_type=\"text-editor.default\">\n\t\t\t\t<div class=\"elementor-widget-container\">\n\t\t\t<style>\/*! elementor - v3.19.0 - 28-02-2024 *\/\n.elementor-widget-text-editor.elementor-drop-cap-view-stacked .elementor-drop-cap{background-color:#69727d;color:#fff}.elementor-widget-text-editor.elementor-drop-cap-view-framed .elementor-drop-cap{color:#69727d;border:3px solid;background-color:transparent}.elementor-widget-text-editor:not(.elementor-drop-cap-view-default) .elementor-drop-cap{margin-top:8px}.elementor-widget-text-editor:not(.elementor-drop-cap-view-default) .elementor-drop-cap-letter{width:1em;height:1em}.elementor-widget-text-editor .elementor-drop-cap{float:left;text-align:center;line-height:1;font-size:50px}.elementor-widget-text-editor .elementor-drop-cap-letter{display:inline-block}<\/style>\t\t\t\t<p><!-- wp:heading {\"level\":1} --><\/p>\n<h1 class=\"wp-block-heading\">Regulamin i warunki wsp\u00f3\u0142pracy<\/h1>\n<p><!-- \/wp:heading --><!-- wp:paragraph --><\/p>\n<p>Okre\u015blenie warunk\u00f3w wsp\u00f3\u0142pracy jest dla mnie bardzo istotnym elementem ca\u0142ego procesu, jaki zachodzi pomi\u0119dzy Tob\u0105, a mn\u0105 &#8211; Twoj\u0105 Prowadz\u0105c\u0105.<\/p>\n<p><span class=\"comment_message--boldStyle--DfQEh\">Bardzo wa\u017cne jest dla mnie, aby ka\u017cda osoba, kt\u00f3ra staje na mojej drodze jako Klient, by\u0142a w pe\u0142ni \u015bwiadoma zasad wsp\u00f3\u0142pracy oraz by zna\u0142a i mog\u0142a z pe\u0142n\u0105 odpowiedzialno\u015bci\u0105, \u015bwiadomie wykluczy\u0107 wszelkie przeciwwskazania w odniesieniu do swojej osoby.<\/span> <span class=\"comment_message--boldStyle--DfQEh\">Podczas warsztat\u00f3w grupowych na sali znajduje si\u0119 wiele os\u00f3b. Ka\u017cda z nich chce czu\u0107 si\u0119 bezpieczna i zaopiekowana w ka\u017cdym momencie, co jest moj\u0105 rol\u0105.<\/span> <span class=\"comment_message--boldStyle--DfQEh\">Stosowanie regulaminu przez ka\u017cdego z uczestnik\u00f3w oraz odpowiedzialne podej\u015bcie, zapewni Tobie oraz ca\u0142ej grupie harmonijny przebieg spotkania.<\/span><\/p>\n<p><!-- \/wp:paragraph --><!-- wp:heading {\"level\":3} --><\/p>\n<h3 class=\"wp-block-heading\">\u00a0<\/h3>\n<h3 class=\"wp-block-heading\">WARUNKI WSP\u00d3\u0141PRACY<\/h3>\n<p><!-- \/wp:heading --><!-- wp:paragraph --><\/p>\n<p><span class=\"\">W trakcie jogi nidry na sali powinna panowa\u0107 absolutna cisza. Telefony powinny znajdowa\u0107 si\u0119 w trybie cichym (wy\u0142\u0105czone d\u017awi\u0119ki, wibracje oraz wszelkie powiadomienia). Je\u017celi jest taka potrzeba warto poinformowa\u0107 bliskie osoby o zamiarze pozostania poza zasi\u0119giem na czas trwania jogi nidry.<\/span><\/p>\n<p><span class=\"\">Warto tak\u017ce rozwa\u017cy\u0107 pozostanie offline na czas ca\u0142ego warsztatu. Nie jest to wym\u00f3g konieczny, jednak skorzystanie z takiej mo\u017cliwo\u015bci pozwoli na g\u0142\u0119bsze skupienie si\u0119 na procesach, kt\u00f3re b\u0119d\u0105 zachodzi\u0107 w trakcie wsp\u00f3lnej pracy. B\u0119dzie to warto\u015b\u0107 dodana nie tylko dla jednostki, ale i dla ca\u0142ej grupy.<\/span><\/p>\n<p><span class=\"\">W czasie przed rozpocz\u0119ciem sesji indywidualnej lub grupowej nale\u017cy poinformowa\u0107 o przyjmowaniu lek\u00f3w lub stwierdzonej alergii. Taka informacja umo\u017cliwi dob\u00f3r najbardziej optymalnej techniki odpowiedniej dla wszystkich uczestnik\u00f3w. W czasie zaj\u0119\u0107 stosuj\u0119 aromaterapi\u0119 z wykorzystaniem olejk\u00f3w eterycznych. S\u0105 to produkty najwy\u017cszej jako\u015bci, jednak u os\u00f3b uczulonych mog\u0105 wywo\u0142ywa\u0107 niepo\u017c\u0105dane efekty. Aktualnie korzystam z olejk\u00f3w marki Urulu, o kt\u00f3rych wi\u0119cej informacji mo\u017cna znale\u017a\u0107 na stronie internetowej producenta.<\/span><\/p>\n<p>\u00a0<\/p>\n<p><span style=\"font-size: 25px; font-weight: bold; letter-spacing: 0.05em; text-transform: uppercase;\">\u00a0<\/span><\/p>\n<h3><span style=\"font-size: 25px; letter-spacing: 0.05em; text-transform: uppercase;\">JAK<\/span><span style=\"font-size: 25px; letter-spacing: 0.05em; text-transform: uppercase;\"> PRZYGO<\/span><span style=\"font-size: 25px; letter-spacing: 0.05em; text-transform: uppercase;\">TOWA\u0106<\/span><span style=\"font-size: 25px; letter-spacing: 0.05em; text-transform: uppercase;\"> SI\u0118 DO WARSZTAT\u00d3W:<\/span><\/h3>\n<p><!-- \/wp:heading --><!-- wp:paragraph --><\/p>\n<p><span class=\"comment_message--boldStyle--DfQEh\">Przed przyj\u015bciem na warsztat mo\u017cesz przygotowa\u0107 swoj\u0105 sankalp\u0119.<\/span><span class=\"\"> Sankalp\u0105 nazywamy intencj\u0119, z kt\u00f3r\u0105 chcesz pracowa\u0107. W tym miejscu odsy\u0142am Ci\u0119 do zapoznania si\u0119 z artyku\u0142em na mojej stronie. Dowiesz si\u0119 z niego jakie s\u0105 cechy idealnej sankalpy, b\u0119d\u0105cej sercem ca\u0142ej praktyki jogi nidry.<\/span><\/p>\n<p><span class=\"comment_message--boldStyle--DfQEh\">Zadbaj o sw\u00f3j komfort. <\/span><span class=\"\">We\u017a ubrania, kt\u00f3re nie b\u0119d\u0105 kr\u0119powa\u0107 Twoich ruch\u00f3w. Czasem wykonamy kr\u00f3tk\u0105 praktyk\u0119 ruchow\u0105, jednak w\u0142a\u015bciwa joga nidra to pozostawanie w bezruchu przed d\u0142u\u017cszy czas. To oznacza, \u017ce Twoje cia\u0142o mo\u017ce by\u0107 nara\u017cone na wych\u0142odzenie. Mo\u017cesz zabra\u0107 ze sob\u0105 cienki koc i ma\u0142\u0105 poduszk\u0119 pod g\u0142ow\u0119, a tak\u017ce ciep\u0142e skarpety, czy co\u015b do narzucenia na siebie. Je\u017celi masz ochot\u0119 mo\u017cesz mie\u0107 ze sob\u0105 swoj\u0105 mat\u0119 do jogi.<\/span><\/p>\n<p><span class=\"comment_message--boldStyle--DfQEh\">Warto zabra\u0107 wod\u0119, a tak\u017ce d\u0142ugopis i notatnik<\/span><span class=\"\">, aby zanotowa\u0107 swoje przemy\u015blenia po jodze nidrze.<\/span><\/p>\n<p>\u00a0<\/p>\n<p><span style=\"font-size: 25px; font-weight: bold; letter-spacing: 0.05em; text-transform: uppercase;\">\u00a0<\/span><\/p>\n<h3><span style=\"font-size: 25px; letter-spacing: 0.05em; text-transform: uppercase;\">PRZECIWWSKAZANIA:<\/span><\/h3>\n<p><span class=\"\">Poni\u017csze przeciwwskazania <\/span><span class=\"comment_message--boldStyle--DfQEh\">dotycz\u0105 pracy w grupie. <\/span><span class=\"\">Nie ka\u017cdy klient ze wzgl\u0119du na poni\u017csze przeciwwskazania ma mo\u017cliwo\u015b\u0107, by wzi\u0105\u0107 udzia\u0142 we wsp\u00f3lnych warsztatach. <\/span><span class=\"comment_message--boldStyle--DfQEh\">Nie wyklucza to jednak mo\u017cliwo\u015bci udzia\u0142u w sesjach indywidualnych, <\/span><span class=\"\">w czasie kt\u00f3rych mam mo\u017cliwo\u015b\u0107 prowadzi\u0107 Ci\u0119 dostosowuj\u0105c metody i narz\u0119dzia pracy do Twoich uwarunkowa\u0144 w taki spos\u00f3b, by wsp\u00f3\u0142praca by\u0142a dla Ciebie komfortowa.<\/span><\/p>\n<p><span class=\"\">Zastrzegam sobie prawo do zaprzestania wykonywania us\u0142ugi, w przypadku, gdy Klient \u015bwiadomie wprowadza w b\u0142\u0105d i ukrywa istnienie przeciwwskaza\u0144 wymienionych poni\u017cej. W takim przypadku us\u0142uga zostaje uznana za wykonan\u0105 przez us\u0142ugodawc\u0119, a op\u0142ata nie podlega zwrotowi. Powy\u017csza sytuacja wyklucza tak\u017ce mo\u017cliwo\u015b\u0107 ponownego skorzystania z moich jakichkolwiek us\u0142ug w przysz\u0142o\u015bci.<\/span><\/p>\n<p><!-- \/wp:paragraph --><!-- wp:heading {\"level\":3} --><\/p>\n<h3 class=\"wp-block-heading\">\u00a0<\/h3>\n<h3 class=\"wp-block-heading\">Przeciwwskazania &#8211; kto nie mo\u017ce bra\u0107 udzia\u0142u w zaj\u0119ciach?<\/h3>\n<p><!-- \/wp:heading --><!-- wp:paragraph --><\/p>\n<p><span class=\"\">Osoby cierpi\u0105ce na zaburzenia psychiczne, psychotyczne i schizofreniczne oraz chorob\u0119 afektywn\u0105-dwubiegunow\u0105 lub psychoz\u0119. Dotyczy to tak\u017ce chor\u00f3b, kt\u00f3re pozostaj\u0105 w remisji. Z udzia\u0142u w warsztatach grupowych powinny zrezygnowa\u0107 osoby b\u0119d\u0105ce w g\u0142\u0119bokiej depresji, szczeg\u00f3lnie, je\u017celi jest ona nieleczona.<\/span><\/p>\n<p><span class=\"\">Osoby znajduj\u0105ce si\u0119 pod wp\u0142ywem \u015brodk\u00f3w zaburzaj\u0105cych \u015bwiadomo\u015b\u0107 &#8211; alkoholu, narkotyk\u00f3w, dopalaczy oraz niekt\u00f3rych lek\u00f3w. Je\u015bli masz w\u0105tpliwo\u015bci, czy leki, kt\u00f3re przyjmujesz mog\u0105 wp\u0142ywa\u0107 na zaburzenie Twojej \u015bwiadomo\u015bci, skonsultuj t\u0119 kwesti\u0119 ze mn\u0105.<\/span><\/p>\n<p><span class=\"\">Osoby choruj\u0105ce na epilepsj\u0119.<\/span><\/p>\n<p><span class=\"\">Osoby posiadaj\u0105ce rozrusznik serca (nale\u017cy tak\u017ce poinformowa\u0107 o posiadanych implantach).<\/span><\/p>\n<p><span class=\"\">Kobiety w pierwszym trymestrze ci\u0105\u017cy ci\u0105\u017cy nie powinny bra\u0107 udzia\u0142u w warsztatach grupowych. Udzia\u0142 nie jest r\u00f3wnie\u017c zalecany w p\u00f3\u017aniejszych miesi\u0105cach ci\u0105\u017cy, gdy\u017c psychika kobiety ci\u0119\u017carnej jest o wiele bardziej wra\u017cliwa i czu\u0142a. W tym czasie rol\u0105 kobiety, jest zapewnienie najlepszych warunk\u00f3w dla rozwijaj\u0105cego si\u0119 w ciele matki nowego \u017cycia. Warto w\u00f3wczas traktowa\u0107 siebie z delikatno\u015bci\u0105 i wzi\u0105\u0107 pod uwag\u0119, \u017ce to, co na codzie\u0144 mog\u0142oby by\u0107 wspieraj\u0105ce i przyjemne, mo\u017ce okaza\u0107 si\u0119 wyzwaniem dla kobiety w odmiennym stanie. Dotyczy to zar\u00f3wno poziomu emocjonalnego, jak i fizycznego.<\/span><\/p>\n<p>\u00a0<\/p>\n<p><span style=\"font-size: 25px; font-weight: bold; letter-spacing: 0.05em; text-transform: uppercase;\">\u00a0<\/span><\/p>\n<h3><span style=\"font-size: 25px; letter-spacing: 0.05em; text-transform: uppercase;\">Nie mo\u017cesz pojawi\u0107 si\u0119 na sesji lub warsztacie? Sprawd\u017a, co mo\u017cesz zrobi\u0107 w takiej sytuacji!<\/span><\/h3>\n<h5>SESJA INDYWIDUALNA<\/h5>\n<p><!-- \/wp:heading --><!-- wp:paragraph --><\/p>\n<p><span class=\"\">Je\u017celi po zakupie biletu okaza\u0142o si\u0119, \u017ce nie mo\u017cesz wzi\u0105\u0107 udzia\u0142u w sesji w wybranym przez siebie terminie, masz mo\u017cliwo\u015b\u0107 jednorazowej zmiany terminu.<\/span><\/p>\n<p><span class=\"\">W tym celu skontaktuj si\u0119 ze mn\u0105, aby znale\u017a\u0107 dogodny termin.<\/span><\/p>\n<p><span class=\"\">Zmiana terminu jest mo\u017cliwa najp\u00f3\u017aniej do 2 dni przed wyznaczonym terminem.<\/span><\/p>\n<p><span class=\"\">Je\u017celi sp\u00f3\u017anisz si\u0119 lub nie pojawisz na sesji to us\u0142uga zostaje uznana za wykonan\u0105 przez us\u0142ugodawc\u0119 w wyznaczonym terminie.<\/span><\/p>\n<p><span class=\"\">Nie ma mo\u017cliwo\u015bci zwrotu us\u0142ugi, na kt\u00f3r\u0105 jest si\u0119 um\u00f3wionym.<\/span><\/p>\n<p><span class=\"\">Sesje mo\u017cna prze\u0142o\u017cy\u0107 lub przekaza\u0107 innej osobie je\u017celi nie jeste\u015b w stanie wzi\u0105\u0107 w niej udzia\u0142u. Nale\u017cy upewni\u0107 si\u0119, \u017ce osoba obdarowana spe\u0142nia warunki oraz jest poinformowana o przeciwwskazaniach.<\/span><\/p>\n<p>\u00a0<\/p>\n<h5>WARSZTATY GRUPOWE<\/h5>\n<p><span class=\"\">W przypadku warsztatu grupowego, w kt\u00f3rym nie mo\u017cesz wzi\u0105\u0107 udzia\u0142u nie jest mo\u017cliwe odst\u0105pienie od umowy. Zakupiona us\u0142uga w postaci wej\u015bci\u00f3wki jest biletem na wydarzenie.<\/span><\/p>\n<p><span class=\"\">Mo\u017cesz przekaza\u0107 sw\u00f3j bilet innej osobie uprzednio informuj\u0105c prowadz\u0105c\u0105.<\/span><\/p>\n<p><span class=\"\">Upewnij si\u0119, \u017ce osoba kt\u00f3rej przekazujesz bilet wej\u015bcia na warsztat jest poinformowana o warunkach i przeciwwskazaniach oraz deklaruje, \u017ce zostan\u0105 one spe\u0142nione.<\/span><\/p>\n<p>\u00a0<\/p>\n<p><!-- \/wp:paragraph --><!-- wp:heading {\"level\":3} --><!-- \/wp:paragraph --><\/p>\t\t\t\t\t\t<\/div>\n\t\t\t\t<\/div>\n\t\t\t\t\t<\/div>\n\t\t\t\t<\/div>\n\t\t<div class=\"elementor-element elementor-element-1e435d8 e-flex e-con-boxed e-con e-parent\" data-id=\"1e435d8\" data-element_type=\"container\" data-settings=\"{&quot;content_width&quot;:&quot;boxed&quot;}\" data-core-v316-plus=\"true\">\n\t\t\t\t\t<div class=\"e-con-inner\">\n\t\t\t\t<div class=\"elementor-element elementor-element-991eb2a elementor-widget elementor-widget-text-editor\" data-id=\"991eb2a\" data-element_type=\"widget\" data-widget_type=\"text-editor.default\">\n\t\t\t\t<div class=\"elementor-widget-container\">\n\t\t\t\t\t\t\t<p><!-- \/wp:heading --><!-- wp:paragraph {\"fontSize\":\"medium\"} --><\/p>\n<p><strong><span class=\"comment_message--boldStyle--DfQEh\">UWAGA!<\/span><\/strong><\/p>\n<p><span class=\"comment_message--boldStyle--DfQEh\">Zar\u00f3wno joga nidra jak i energoterapia nie zast\u0119puj\u0105 leczenia u lekarza ani psychoterapeuty.<\/span><\/p>\n<p><span class=\"\">Nie jest to forma diagnozy i nie mo\u017ce takowej zast\u0105pi\u0107.<\/span><\/p>\n<p><span class=\"\">S\u0105 to metody komplementarne oraz niekonwencjonalne. <\/span><\/p>\n<p><span class=\"\">Techniki te wspomagaj\u0105 powr\u00f3t do zdrowia, a tak\u017ce umo\u017cliwiaj\u0105 kontakt ze sob\u0105 na g\u0142\u0119bokim poziomie.<\/span><\/p>\n<p><span class=\"\">Metody, kt\u00f3rymi si\u0119 pos\u0142uguj\u0119 nie mog\u0105 zast\u0105pi\u0107 profesjonalnej i fachowej pomocy uprawnionej do tego osoby lub instytucji. Mog\u0105 natomiast zadzia\u0142a\u0107 na odmiennych p\u0142aszczyznach, co mo\u017ce wspom\u00f3c powr\u00f3t do zdrowia.<\/span><\/p>\t\t\t\t\t\t<\/div>\n\t\t\t\t<\/div>\n\t\t\t\t\t<\/div>\n\t\t\t\t<\/div>\n\t\t\t\t<\/div>\n\t\t","protected":false},"excerpt":{"rendered":"<p>Regulamin i warunki wsp\u00f3\u0142pracy Okre\u015blenie warunk\u00f3w wsp\u00f3\u0142pracy jest dla mnie bardzo istotnym elementem ca\u0142ego procesu, jaki zachodzi pomi\u0119dzy Tob\u0105, a mn\u0105 &#8211; Twoj\u0105 Prowadz\u0105c\u0105. Bardzo wa\u017cne jest dla mnie, aby ka\u017cda osoba, kt\u00f3ra staje na mojej drodze jako Klient, by\u0142a w pe\u0142ni \u015bwiadoma zasad wsp\u00f3\u0142pracy oraz by zna\u0142a i mog\u0142a z pe\u0142n\u0105 odpowiedzialno\u015bci\u0105, \u015bwiadomie wykluczy\u0107 [&hellip;]<\/p>\n","protected":false},"author":1,"featured_media":0,"parent":0,"menu_order":0,"comment_status":"closed","ping_status":"closed","template":"","meta":{"footnotes":""},"class_list":["post-14584","page","type-page","status-publish","hentry"],"_links":{"self":[{"href":"https:\/\/earendelhealing.pl\/pl\/wp-json\/wp\/v2\/pages\/14584","targetHints":{"allow":["GET"]}}],"collection":[{"href":"https:\/\/earendelhealing.pl\/pl\/wp-json\/wp\/v2\/pages"}],"about":[{"href":"https:\/\/earendelhealing.pl\/pl\/wp-json\/wp\/v2\/types\/page"}],"author":[{"embeddable":true,"href":"https:\/\/earendelhealing.pl\/pl\/wp-json\/wp\/v2\/users\/1"}],"replies":[{"embeddable":true,"href":"https:\/\/earendelhealing.pl\/pl\/wp-json\/wp\/v2\/comments?post=14584"}],"version-history":[{"count":52,"href":"https:\/\/earendelhealing.pl\/pl\/wp-json\/wp\/v2\/pages\/14584\/revisions"}],"predecessor-version":[{"id":14982,"href":"https:\/\/earendelhealing.pl\/pl\/wp-json\/wp\/v2\/pages\/14584\/revisions\/14982"}],"wp:attachment":[{"href":"https:\/\/earendelhealing.pl\/pl\/wp-json\/wp\/v2\/media?parent=14584"}],"curies":[{"name":"wp","href":"https:\/\/api.w.org\/{rel}","templated":true}]}}